{"id":26,"date":"2016-01-09T10:42:34","date_gmt":"2016-01-09T10:42:34","guid":{"rendered":"http:\/\/klausundmoniunterwegs.de\/?page_id=26"},"modified":"2016-05-30T14:57:27","modified_gmt":"2016-05-30T14:57:27","slug":"ueber-uns","status":"publish","type":"page","link":"https:\/\/klausundmoniunterwegs.de\/?page_id=26","title":{"rendered":"\u00dcber uns"},"content":{"rendered":"<p><strong>Klaus<\/strong>, \u00a0ist derjenige der \u00a0unsere Touren plant und auch meist f\u00e4hrt.\u00a0Seine Hobbys sind vielf\u00e4ltig, aber im Urlaub ist es \u00a0wandern\u00a0und schwimmen. Wenn der Wind gut bl\u00e4st, l\u00e4sst er gerne seinen Drachen steigen.<\/p>\n<p>Mein Name ist <strong>Moni<\/strong>, liebe das gem\u00fctliche Zusammensein. Tratsche\u00a0leidenschaftlich\u00a0und ziehe mich aber auch\u00a0mal mit einem Krimi zur\u00fcck. Wandere gerne&#8230; laufe aber keine Marathons.\u00a0Das Wasser\u00a0\u00a0sollte gut temperiert sein bevor ich mich hinein wage und nicht zu vergessen die Au\u00dfentemperatur\u00a0sollte mich nicht\u00a0schachmatt setzten.<\/p>\n<p>Einen Platz auf dem R\u00fccksitz hat sich <strong>Berry<\/strong> unser Irish Terrier\u00a0gesichert.<\/p>\n<p><div class='content-column one_third'><a href=\"http:\/\/klausundmoniunterwegs.de\/wp-content\/uploads\/2016\/01\/Griechenland-2016-483.jpg\" rel=\"attachment wp-att-1240\"><img loading=\"lazy\" decoding=\"async\" class=\"alignnone size-large wp-image-1240\" src=\"http:\/\/klausundmoniunterwegs.de\/wp-content\/uploads\/2016\/01\/Griechenland-2016-483-1024x576.jpg\" alt=\"Griechenland 2016 (483)\" width=\"840\" height=\"473\" srcset=\"https:\/\/klausundmoniunterwegs.de\/wp-content\/uploads\/2016\/01\/Griechenland-2016-483-1024x576.jpg 1024w, https:\/\/klausundmoniunterwegs.de\/wp-content\/uploads\/2016\/01\/Griechenland-2016-483-300x169.jpg 300w, https:\/\/klausundmoniunterwegs.de\/wp-content\/uploads\/2016\/01\/Griechenland-2016-483-768x432.jpg 768w, https:\/\/klausundmoniunterwegs.de\/wp-content\/uploads\/2016\/01\/Griechenland-2016-483-1200x675.jpg 1200w, https:\/\/klausundmoniunterwegs.de\/wp-content\/uploads\/2016\/01\/Griechenland-2016-483.jpg 1365w\" sizes=\"auto, (max-width: 709px) 85vw, (max-width: 909px) 67vw, (max-width: 1362px) 62vw, 840px\" \/><\/a><\/div><div class='content-column one_third'><a href=\"http:\/\/klausundmoniunterwegs.de\/wp-content\/uploads\/2016\/01\/Griechenland-2016-484.jpg\" rel=\"attachment wp-att-1239\"><img loading=\"lazy\" decoding=\"async\" class=\"alignnone size-large wp-image-1239\" src=\"http:\/\/klausundmoniunterwegs.de\/wp-content\/uploads\/2016\/01\/Griechenland-2016-484-1024x576.jpg\" alt=\"Griechenland 2016 (484)\" width=\"840\" height=\"473\" srcset=\"https:\/\/klausundmoniunterwegs.de\/wp-content\/uploads\/2016\/01\/Griechenland-2016-484-1024x576.jpg 1024w, https:\/\/klausundmoniunterwegs.de\/wp-content\/uploads\/2016\/01\/Griechenland-2016-484-300x169.jpg 300w, https:\/\/klausundmoniunterwegs.de\/wp-content\/uploads\/2016\/01\/Griechenland-2016-484-768x432.jpg 768w, https:\/\/klausundmoniunterwegs.de\/wp-content\/uploads\/2016\/01\/Griechenland-2016-484-1200x675.jpg 1200w, https:\/\/klausundmoniunterwegs.de\/wp-content\/uploads\/2016\/01\/Griechenland-2016-484.jpg 1365w\" sizes=\"auto, (max-width: 709px) 85vw, (max-width: 909px) 67vw, (max-width: 1362px) 62vw, 840px\" \/><\/a><\/div><div class='content-column one_third last_column'><a href=\"http:\/\/klausundmoniunterwegs.de\/wp-content\/uploads\/2016\/01\/Griechenland-2016-485.jpg\" rel=\"attachment wp-att-1238\"><img loading=\"lazy\" decoding=\"async\" class=\"alignnone size-large wp-image-1238\" src=\"http:\/\/klausundmoniunterwegs.de\/wp-content\/uploads\/2016\/01\/Griechenland-2016-485-1024x576.jpg\" alt=\"Griechenland 2016 (485)\" width=\"840\" height=\"473\" srcset=\"https:\/\/klausundmoniunterwegs.de\/wp-content\/uploads\/2016\/01\/Griechenland-2016-485-1024x576.jpg 1024w, https:\/\/klausundmoniunterwegs.de\/wp-content\/uploads\/2016\/01\/Griechenland-2016-485-300x169.jpg 300w, https:\/\/klausundmoniunterwegs.de\/wp-content\/uploads\/2016\/01\/Griechenland-2016-485-768x432.jpg 768w, https:\/\/klausundmoniunterwegs.de\/wp-content\/uploads\/2016\/01\/Griechenland-2016-485-1200x675.jpg 1200w, https:\/\/klausundmoniunterwegs.de\/wp-content\/uploads\/2016\/01\/Griechenland-2016-485.jpg 1365w\" sizes=\"auto, (max-width: 709px) 85vw, (max-width: 909px) 67vw, (max-width: 1362px) 62vw, 840px\" \/><\/a><\/div><div class='clear_column'><\/div><\/p>\n<p>Gemeinsam ist es f\u00fcr uns das gr\u00f6\u00dfte in der Natur zu sein und bei einen Lagerfeuer zusammen zu kl\u00f6nen.<\/p>\n<p>&nbsp;<\/p>\n","protected":false},"excerpt":{"rendered":"<p>Klaus, \u00a0ist derjenige der \u00a0unsere Touren plant und auch meist f\u00e4hrt.\u00a0Seine Hobbys sind vielf\u00e4ltig, aber im Urlaub ist es \u00a0wandern\u00a0und schwimmen. Wenn der Wind gut bl\u00e4st, l\u00e4sst er gerne seinen Drachen steigen. Mein Name ist Moni, liebe das gem\u00fctliche Zusammensein. Tratsche\u00a0leidenschaftlich\u00a0und ziehe mich aber auch\u00a0mal mit einem Krimi zur\u00fcck. Wandere gerne&#8230; laufe aber keine Marathons.\u00a0Das &hellip; <a href=\"https:\/\/klausundmoniunterwegs.de\/?page_id=26\" class=\"more-link\"><span class=\"screen-reader-text\">&#8222;\u00dcber uns&#8220; <\/span>weiterlesen<\/a><\/p>\n","protected":false},"author":1,"featured_media":0,"parent":0,"menu_order":0,"comment_status":"closed","ping_status":"closed","template":"","meta":{"footnotes":""},"class_list":["post-26","page","type-page","status-publish","hentry"],"_links":{"self":[{"href":"https:\/\/klausundmoniunterwegs.de\/index.php?rest_route=\/wp\/v2\/pages\/26","targetHints":{"allow":["GET"]}}],"collection":[{"href":"https:\/\/klausundmoniunterwegs.de\/index.php?rest_route=\/wp\/v2\/pages"}],"about":[{"href":"https:\/\/klausundmoniunterwegs.de\/index.php?rest_route=\/wp\/v2\/types\/page"}],"author":[{"embeddable":true,"href":"https:\/\/klausundmoniunterwegs.de\/index.php?rest_route=\/wp\/v2\/users\/1"}],"replies":[{"embeddable":true,"href":"https:\/\/klausundmoniunterwegs.de\/index.php?rest_route=%2Fwp%2Fv2%2Fcomments&post=26"}],"version-history":[{"count":4,"href":"https:\/\/klausundmoniunterwegs.de\/index.php?rest_route=\/wp\/v2\/pages\/26\/revisions"}],"predecessor-version":[{"id":1454,"href":"https:\/\/klausundmoniunterwegs.de\/index.php?rest_route=\/wp\/v2\/pages\/26\/revisions\/1454"}],"wp:attachment":[{"href":"https:\/\/klausundmoniunterwegs.de\/index.php?rest_route=%2Fwp%2Fv2%2Fmedia&parent=26"}],"curies":[{"name":"wp","href":"https:\/\/api.w.org\/{rel}","templated":true}]}}