{"id":7,"date":"2016-01-08T16:40:54","date_gmt":"2016-01-08T16:40:54","guid":{"rendered":"http:\/\/klausundmoniunterwegs.de\/?page_id=7"},"modified":"2025-03-27T07:42:33","modified_gmt":"2025-03-27T07:42:33","slug":"startseite","status":"publish","type":"page","link":"https:\/\/klausundmoniunterwegs.de\/","title":{"rendered":"Startseite"},"content":{"rendered":"<p><strong>Willkommen bei unseren Reise Erinnerungen.<\/strong><\/p>\n<p><strong>Wir m\u00f6chten euch hier einen Einblick \u00fcber unsere Reisez<\/strong><strong>iele und Erfahrungen geben und eine chronologische Reihenfolge unserer Fahrzeuge inklusive aller Bauphasen.<\/strong><\/p>\n<p><strong>Lasst Euch von uns Inspirieren und wenn ihr m\u00f6gt k\u00f6nnt ihr uns auch gerne kontaktieren, denn dar\u00fcber freuen wir uns immer sehr. <\/strong><\/p>\n<p><strong>lg. Klaus Moni und Berry\u00a0<\/strong><\/p>\n<p>&nbsp;<\/p>\n","protected":false},"excerpt":{"rendered":"<p>Willkommen bei unseren Reise Erinnerungen. Wir m\u00f6chten euch hier einen Einblick \u00fcber unsere Reiseziele und Erfahrungen geben und eine chronologische Reihenfolge unserer Fahrzeuge inklusive aller Bauphasen. Lasst Euch von uns Inspirieren und wenn ihr m\u00f6gt k\u00f6nnt ihr uns auch gerne kontaktieren, denn dar\u00fcber freuen wir uns immer sehr. lg. Klaus Moni und Berry\u00a0 &nbsp;<\/p>\n","protected":false},"author":1,"featured_media":0,"parent":0,"menu_order":0,"comment_status":"closed","ping_status":"closed","template":"","meta":{"footnotes":""},"class_list":["post-7","page","type-page","status-publish","hentry"],"_links":{"self":[{"href":"https:\/\/klausundmoniunterwegs.de\/index.php?rest_route=\/wp\/v2\/pages\/7","targetHints":{"allow":["GET"]}}],"collection":[{"href":"https:\/\/klausundmoniunterwegs.de\/index.php?rest_route=\/wp\/v2\/pages"}],"about":[{"href":"https:\/\/klausundmoniunterwegs.de\/index.php?rest_route=\/wp\/v2\/types\/page"}],"author":[{"embeddable":true,"href":"https:\/\/klausundmoniunterwegs.de\/index.php?rest_route=\/wp\/v2\/users\/1"}],"replies":[{"embeddable":true,"href":"https:\/\/klausundmoniunterwegs.de\/index.php?rest_route=%2Fwp%2Fv2%2Fcomments&post=7"}],"version-history":[{"count":11,"href":"https:\/\/klausundmoniunterwegs.de\/index.php?rest_route=\/wp\/v2\/pages\/7\/revisions"}],"predecessor-version":[{"id":6804,"href":"https:\/\/klausundmoniunterwegs.de\/index.php?rest_route=\/wp\/v2\/pages\/7\/revisions\/6804"}],"wp:attachment":[{"href":"https:\/\/klausundmoniunterwegs.de\/index.php?rest_route=%2Fwp%2Fv2%2Fmedia&parent=7"}],"curies":[{"name":"wp","href":"https:\/\/api.w.org\/{rel}","templated":true}]}}