{"id":899,"date":"2016-02-17T19:54:54","date_gmt":"2016-02-17T19:54:54","guid":{"rendered":"http:\/\/klausundmoniunterwegs.de\/?page_id=899"},"modified":"2016-03-11T19:21:32","modified_gmt":"2016-03-11T19:21:32","slug":"unsere-fahrzeuge","status":"publish","type":"page","link":"https:\/\/klausundmoniunterwegs.de\/?page_id=899","title":{"rendered":"Peugeot 504"},"content":{"rendered":"<p>So fing alles an<\/p>\n<p>von August 1991 bis Juli 1995<\/p>\n<p>Benziner Leistung 72 PS\u00a0; Hubraum 1,8 Liter\u00a0; Zul. Ges. Gewicht 2515\u00a0kg<\/p>\n<p><a href=\"http:\/\/klausundmoniunterwegs.de\/wp-content\/uploads\/2016\/02\/1-Peugeot-504-4.jpg\" rel=\"attachment wp-att-960\"><img loading=\"lazy\" decoding=\"async\" class=\"alignnone size-large wp-image-960\" src=\"http:\/\/klausundmoniunterwegs.de\/wp-content\/uploads\/2016\/02\/1-Peugeot-504-4-1024x768.jpg\" alt=\"1 Peugeot 504 (4)\" width=\"840\" height=\"630\" srcset=\"https:\/\/klausundmoniunterwegs.de\/wp-content\/uploads\/2016\/02\/1-Peugeot-504-4-1024x768.jpg 1024w, https:\/\/klausundmoniunterwegs.de\/wp-content\/uploads\/2016\/02\/1-Peugeot-504-4-300x225.jpg 300w, https:\/\/klausundmoniunterwegs.de\/wp-content\/uploads\/2016\/02\/1-Peugeot-504-4-768x576.jpg 768w, https:\/\/klausundmoniunterwegs.de\/wp-content\/uploads\/2016\/02\/1-Peugeot-504-4-1200x900.jpg 1200w, https:\/\/klausundmoniunterwegs.de\/wp-content\/uploads\/2016\/02\/1-Peugeot-504-4.jpg 1600w\" sizes=\"auto, (max-width: 709px) 85vw, (max-width: 909px) 67vw, (max-width: 1362px) 62vw, 840px\" \/><\/a><\/p>\n<p><div class='content-column one_half'><a href=\"http:\/\/klausundmoniunterwegs.de\/wp-content\/uploads\/2016\/02\/1-Peugeot-504-1.jpg\" rel=\"attachment wp-att-963\"><img loading=\"lazy\" decoding=\"async\" class=\"alignnone wp-image-963 size-large\" src=\"http:\/\/klausundmoniunterwegs.de\/wp-content\/uploads\/2016\/02\/1-Peugeot-504-1-1024x768.jpg\" alt=\"1 Peugeot 504 (1)\" width=\"840\" height=\"630\" srcset=\"https:\/\/klausundmoniunterwegs.de\/wp-content\/uploads\/2016\/02\/1-Peugeot-504-1-1024x768.jpg 1024w, https:\/\/klausundmoniunterwegs.de\/wp-content\/uploads\/2016\/02\/1-Peugeot-504-1-300x225.jpg 300w, https:\/\/klausundmoniunterwegs.de\/wp-content\/uploads\/2016\/02\/1-Peugeot-504-1-768x576.jpg 768w, https:\/\/klausundmoniunterwegs.de\/wp-content\/uploads\/2016\/02\/1-Peugeot-504-1-1200x900.jpg 1200w, https:\/\/klausundmoniunterwegs.de\/wp-content\/uploads\/2016\/02\/1-Peugeot-504-1.jpg 1600w\" sizes=\"auto, (max-width: 709px) 85vw, (max-width: 909px) 67vw, (max-width: 1362px) 62vw, 840px\" \/><\/a><\/div><div class='content-column one_half last_column'><a href=\"http:\/\/klausundmoniunterwegs.de\/wp-content\/uploads\/2016\/02\/1-Peugeot-504-2.jpg\" rel=\"attachment wp-att-962\"><img loading=\"lazy\" decoding=\"async\" class=\"alignnone wp-image-962 size-large\" src=\"http:\/\/klausundmoniunterwegs.de\/wp-content\/uploads\/2016\/02\/1-Peugeot-504-2-1024x768.jpg\" alt=\"1 Peugeot 504 (2)\" width=\"840\" height=\"630\" srcset=\"https:\/\/klausundmoniunterwegs.de\/wp-content\/uploads\/2016\/02\/1-Peugeot-504-2-1024x768.jpg 1024w, https:\/\/klausundmoniunterwegs.de\/wp-content\/uploads\/2016\/02\/1-Peugeot-504-2-300x225.jpg 300w, https:\/\/klausundmoniunterwegs.de\/wp-content\/uploads\/2016\/02\/1-Peugeot-504-2-768x576.jpg 768w, https:\/\/klausundmoniunterwegs.de\/wp-content\/uploads\/2016\/02\/1-Peugeot-504-2-1200x900.jpg 1200w, https:\/\/klausundmoniunterwegs.de\/wp-content\/uploads\/2016\/02\/1-Peugeot-504-2.jpg 1600w\" sizes=\"auto, (max-width: 709px) 85vw, (max-width: 909px) 67vw, (max-width: 1362px) 62vw, 840px\" \/><\/a><\/div><div class='clear_column'><\/div><\/p>\n<p><div class='content-column one_half'><a href=\"http:\/\/klausundmoniunterwegs.de\/wp-content\/uploads\/2016\/02\/1-Peugeot-504-3.jpg\" rel=\"attachment wp-att-961\"><img loading=\"lazy\" decoding=\"async\" class=\"alignnone wp-image-961 size-large\" src=\"http:\/\/klausundmoniunterwegs.de\/wp-content\/uploads\/2016\/02\/1-Peugeot-504-3-1024x768.jpg\" alt=\"1 Peugeot 504 (3)\" width=\"840\" height=\"630\" srcset=\"https:\/\/klausundmoniunterwegs.de\/wp-content\/uploads\/2016\/02\/1-Peugeot-504-3-1024x768.jpg 1024w, https:\/\/klausundmoniunterwegs.de\/wp-content\/uploads\/2016\/02\/1-Peugeot-504-3-300x225.jpg 300w, https:\/\/klausundmoniunterwegs.de\/wp-content\/uploads\/2016\/02\/1-Peugeot-504-3-768x576.jpg 768w, https:\/\/klausundmoniunterwegs.de\/wp-content\/uploads\/2016\/02\/1-Peugeot-504-3-1200x900.jpg 1200w, https:\/\/klausundmoniunterwegs.de\/wp-content\/uploads\/2016\/02\/1-Peugeot-504-3.jpg 1600w\" sizes=\"auto, (max-width: 709px) 85vw, (max-width: 909px) 67vw, (max-width: 1362px) 62vw, 840px\" \/><\/a><\/div><div class='content-column one_half last_column'><a href=\"http:\/\/klausundmoniunterwegs.de\/wp-content\/uploads\/2016\/02\/1-Peugeot-504-5.jpg\" rel=\"attachment wp-att-959\"><img loading=\"lazy\" decoding=\"async\" class=\"alignnone wp-image-959 size-large\" src=\"http:\/\/klausundmoniunterwegs.de\/wp-content\/uploads\/2016\/02\/1-Peugeot-504-5-1024x768.jpg\" alt=\"1 Peugeot 504 (5)\" width=\"840\" height=\"630\" srcset=\"https:\/\/klausundmoniunterwegs.de\/wp-content\/uploads\/2016\/02\/1-Peugeot-504-5-1024x768.jpg 1024w, https:\/\/klausundmoniunterwegs.de\/wp-content\/uploads\/2016\/02\/1-Peugeot-504-5-300x225.jpg 300w, https:\/\/klausundmoniunterwegs.de\/wp-content\/uploads\/2016\/02\/1-Peugeot-504-5-768x576.jpg 768w, https:\/\/klausundmoniunterwegs.de\/wp-content\/uploads\/2016\/02\/1-Peugeot-504-5-1200x900.jpg 1200w, https:\/\/klausundmoniunterwegs.de\/wp-content\/uploads\/2016\/02\/1-Peugeot-504-5.jpg 1600w\" sizes=\"auto, (max-width: 709px) 85vw, (max-width: 909px) 67vw, (max-width: 1362px) 62vw, 840px\" \/><\/a><\/div><div class='clear_column'><\/div><\/p>\n<p><div class='content-column one_half'><a href=\"http:\/\/klausundmoniunterwegs.de\/wp-content\/uploads\/2016\/02\/1-Peugeot-504-6.jpg\" rel=\"attachment wp-att-958\"><img loading=\"lazy\" decoding=\"async\" class=\"alignnone wp-image-958 size-large\" src=\"http:\/\/klausundmoniunterwegs.de\/wp-content\/uploads\/2016\/02\/1-Peugeot-504-6-1024x768.jpg\" alt=\"1 Peugeot 504 (6)\" width=\"840\" height=\"630\" srcset=\"https:\/\/klausundmoniunterwegs.de\/wp-content\/uploads\/2016\/02\/1-Peugeot-504-6-1024x768.jpg 1024w, https:\/\/klausundmoniunterwegs.de\/wp-content\/uploads\/2016\/02\/1-Peugeot-504-6-300x225.jpg 300w, https:\/\/klausundmoniunterwegs.de\/wp-content\/uploads\/2016\/02\/1-Peugeot-504-6-768x576.jpg 768w, https:\/\/klausundmoniunterwegs.de\/wp-content\/uploads\/2016\/02\/1-Peugeot-504-6-1200x900.jpg 1200w, https:\/\/klausundmoniunterwegs.de\/wp-content\/uploads\/2016\/02\/1-Peugeot-504-6.jpg 1600w\" sizes=\"auto, (max-width: 709px) 85vw, (max-width: 909px) 67vw, (max-width: 1362px) 62vw, 840px\" \/><\/a><\/div><div class='content-column one_half last_column'><a href=\"http:\/\/klausundmoniunterwegs.de\/wp-content\/uploads\/2016\/02\/1-Peugeot-504-7.jpg\" rel=\"attachment wp-att-957\"><img loading=\"lazy\" decoding=\"async\" class=\"alignnone wp-image-957 size-large\" src=\"http:\/\/klausundmoniunterwegs.de\/wp-content\/uploads\/2016\/02\/1-Peugeot-504-7-1024x768.jpg\" alt=\"1 Peugeot 504 (7)\" width=\"840\" height=\"630\" srcset=\"https:\/\/klausundmoniunterwegs.de\/wp-content\/uploads\/2016\/02\/1-Peugeot-504-7-1024x768.jpg 1024w, https:\/\/klausundmoniunterwegs.de\/wp-content\/uploads\/2016\/02\/1-Peugeot-504-7-300x225.jpg 300w, https:\/\/klausundmoniunterwegs.de\/wp-content\/uploads\/2016\/02\/1-Peugeot-504-7-768x576.jpg 768w, https:\/\/klausundmoniunterwegs.de\/wp-content\/uploads\/2016\/02\/1-Peugeot-504-7-1200x900.jpg 1200w, https:\/\/klausundmoniunterwegs.de\/wp-content\/uploads\/2016\/02\/1-Peugeot-504-7.jpg 1600w\" sizes=\"auto, (max-width: 709px) 85vw, (max-width: 909px) 67vw, (max-width: 1362px) 62vw, 840px\" \/><\/a><\/div><div class='clear_column'><\/div><\/p>\n<p>Wir haben Auto und Kabine gebraucht gekauft. Dies war unsere erste Erfahrung mit dieser Art zu reisen. Der Platz im F\u00fchrerhaus war f\u00fcr zwei Erwachsene und ein Kind ausreichend. Als sich unsere Familie vergr\u00f6\u00dferte mussten wir uns von diesem Gef\u00e4hrt trennen.<\/p>\n<p>&nbsp;<\/p>\n<p>&nbsp;<\/p>\n","protected":false},"excerpt":{"rendered":"<p>So fing alles an von August 1991 bis Juli 1995 Benziner Leistung 72 PS\u00a0; Hubraum 1,8 Liter\u00a0; Zul. Ges. Gewicht 2515\u00a0kg Wir haben Auto und Kabine gebraucht gekauft. Dies war unsere erste Erfahrung mit dieser Art zu reisen. Der Platz im F\u00fchrerhaus war f\u00fcr zwei Erwachsene und ein Kind ausreichend. Als sich unsere Familie vergr\u00f6\u00dferte &hellip; <a href=\"https:\/\/klausundmoniunterwegs.de\/?page_id=899\" class=\"more-link\"><span class=\"screen-reader-text\">&#8222;Peugeot 504&#8220; <\/span>weiterlesen<\/a><\/p>\n","protected":false},"author":2,"featured_media":0,"parent":0,"menu_order":0,"comment_status":"closed","ping_status":"closed","template":"","meta":{"footnotes":""},"class_list":["post-899","page","type-page","status-publish","hentry"],"_links":{"self":[{"href":"https:\/\/klausundmoniunterwegs.de\/index.php?rest_route=\/wp\/v2\/pages\/899","targetHints":{"allow":["GET"]}}],"collection":[{"href":"https:\/\/klausundmoniunterwegs.de\/index.php?rest_route=\/wp\/v2\/pages"}],"about":[{"href":"https:\/\/klausundmoniunterwegs.de\/index.php?rest_route=\/wp\/v2\/types\/page"}],"author":[{"embeddable":true,"href":"https:\/\/klausundmoniunterwegs.de\/index.php?rest_route=\/wp\/v2\/users\/2"}],"replies":[{"embeddable":true,"href":"https:\/\/klausundmoniunterwegs.de\/index.php?rest_route=%2Fwp%2Fv2%2Fcomments&post=899"}],"version-history":[{"count":9,"href":"https:\/\/klausundmoniunterwegs.de\/index.php?rest_route=\/wp\/v2\/pages\/899\/revisions"}],"predecessor-version":[{"id":1016,"href":"https:\/\/klausundmoniunterwegs.de\/index.php?rest_route=\/wp\/v2\/pages\/899\/revisions\/1016"}],"wp:attachment":[{"href":"https:\/\/klausundmoniunterwegs.de\/index.php?rest_route=%2Fwp%2Fv2%2Fmedia&parent=899"}],"curies":[{"name":"wp","href":"https:\/\/api.w.org\/{rel}","templated":true}]}}