{"id":988,"date":"2016-03-08T18:37:09","date_gmt":"2016-03-08T18:37:09","guid":{"rendered":"http:\/\/klausundmoniunterwegs.de\/?page_id=988"},"modified":"2016-03-11T20:22:56","modified_gmt":"2016-03-11T20:22:56","slug":"l200-american-dream","status":"publish","type":"page","link":"https:\/\/klausundmoniunterwegs.de\/?page_id=988","title":{"rendered":"Mitsubishi L200 American Dream"},"content":{"rendered":"<p>Von Januar 2000 bis M\u00e4rz 2015<\/p>\n<p>Turbo Diesel ; Leitung\u00a099 PS ; Hubraum 2,5 Liter ; Zul. Ges. Gewicht 2830 kg<\/p>\n<p><a href=\"http:\/\/klausundmoniunterwegs.de\/wp-content\/uploads\/2016\/02\/4a-L200-III-3.jpg\" rel=\"attachment wp-att-943\"><img loading=\"lazy\" decoding=\"async\" class=\"alignnone size-large wp-image-943\" src=\"http:\/\/klausundmoniunterwegs.de\/wp-content\/uploads\/2016\/02\/4a-L200-III-3-1024x768.jpg\" alt=\"4a L200 III (3)\" width=\"840\" height=\"630\" srcset=\"https:\/\/klausundmoniunterwegs.de\/wp-content\/uploads\/2016\/02\/4a-L200-III-3-1024x768.jpg 1024w, https:\/\/klausundmoniunterwegs.de\/wp-content\/uploads\/2016\/02\/4a-L200-III-3-300x225.jpg 300w, https:\/\/klausundmoniunterwegs.de\/wp-content\/uploads\/2016\/02\/4a-L200-III-3-768x576.jpg 768w, https:\/\/klausundmoniunterwegs.de\/wp-content\/uploads\/2016\/02\/4a-L200-III-3-1200x900.jpg 1200w, https:\/\/klausundmoniunterwegs.de\/wp-content\/uploads\/2016\/02\/4a-L200-III-3.jpg 1600w\" sizes=\"auto, (max-width: 709px) 85vw, (max-width: 909px) 67vw, (max-width: 1362px) 62vw, 840px\" \/><\/a><\/p>\n<p><div class='content-column one_half'><a href=\"http:\/\/klausundmoniunterwegs.de\/wp-content\/uploads\/2016\/02\/4a-L200-III-4.jpg\" rel=\"attachment wp-att-942\"><img loading=\"lazy\" decoding=\"async\" class=\"alignnone size-large wp-image-942\" src=\"http:\/\/klausundmoniunterwegs.de\/wp-content\/uploads\/2016\/02\/4a-L200-III-4-1024x768.jpg\" alt=\"4a L200 III (4)\" width=\"840\" height=\"630\" srcset=\"https:\/\/klausundmoniunterwegs.de\/wp-content\/uploads\/2016\/02\/4a-L200-III-4-1024x768.jpg 1024w, https:\/\/klausundmoniunterwegs.de\/wp-content\/uploads\/2016\/02\/4a-L200-III-4-300x225.jpg 300w, https:\/\/klausundmoniunterwegs.de\/wp-content\/uploads\/2016\/02\/4a-L200-III-4-768x576.jpg 768w, https:\/\/klausundmoniunterwegs.de\/wp-content\/uploads\/2016\/02\/4a-L200-III-4-1200x900.jpg 1200w, https:\/\/klausundmoniunterwegs.de\/wp-content\/uploads\/2016\/02\/4a-L200-III-4.jpg 1600w\" sizes=\"auto, (max-width: 709px) 85vw, (max-width: 909px) 67vw, (max-width: 1362px) 62vw, 840px\" \/><\/a><\/div><div class='content-column one_half last_column'><a href=\"http:\/\/klausundmoniunterwegs.de\/wp-content\/uploads\/2016\/02\/4a-L200-III-5.jpg\" rel=\"attachment wp-att-941\"><img loading=\"lazy\" decoding=\"async\" class=\"alignnone size-large wp-image-941\" src=\"http:\/\/klausundmoniunterwegs.de\/wp-content\/uploads\/2016\/02\/4a-L200-III-5-1024x768.jpg\" alt=\"4a L200 III (5)\" width=\"840\" height=\"630\" srcset=\"https:\/\/klausundmoniunterwegs.de\/wp-content\/uploads\/2016\/02\/4a-L200-III-5-1024x768.jpg 1024w, https:\/\/klausundmoniunterwegs.de\/wp-content\/uploads\/2016\/02\/4a-L200-III-5-300x225.jpg 300w, https:\/\/klausundmoniunterwegs.de\/wp-content\/uploads\/2016\/02\/4a-L200-III-5-768x576.jpg 768w, https:\/\/klausundmoniunterwegs.de\/wp-content\/uploads\/2016\/02\/4a-L200-III-5-1200x900.jpg 1200w, https:\/\/klausundmoniunterwegs.de\/wp-content\/uploads\/2016\/02\/4a-L200-III-5.jpg 1600w\" sizes=\"auto, (max-width: 709px) 85vw, (max-width: 909px) 67vw, (max-width: 1362px) 62vw, 840px\" \/><\/a><\/div><div class='clear_column'><\/div><\/p>\n<p><div class='content-column one_half'><a href=\"http:\/\/klausundmoniunterwegs.de\/wp-content\/uploads\/2016\/02\/4a-L200-III-6.jpg\" rel=\"attachment wp-att-940\"><img loading=\"lazy\" decoding=\"async\" class=\"alignnone size-large wp-image-940\" src=\"http:\/\/klausundmoniunterwegs.de\/wp-content\/uploads\/2016\/02\/4a-L200-III-6-1024x768.jpg\" alt=\"4a L200 III (6)\" width=\"840\" height=\"630\" srcset=\"https:\/\/klausundmoniunterwegs.de\/wp-content\/uploads\/2016\/02\/4a-L200-III-6-1024x768.jpg 1024w, https:\/\/klausundmoniunterwegs.de\/wp-content\/uploads\/2016\/02\/4a-L200-III-6-300x225.jpg 300w, https:\/\/klausundmoniunterwegs.de\/wp-content\/uploads\/2016\/02\/4a-L200-III-6-768x576.jpg 768w, https:\/\/klausundmoniunterwegs.de\/wp-content\/uploads\/2016\/02\/4a-L200-III-6-1200x900.jpg 1200w, https:\/\/klausundmoniunterwegs.de\/wp-content\/uploads\/2016\/02\/4a-L200-III-6.jpg 1600w\" sizes=\"auto, (max-width: 709px) 85vw, (max-width: 909px) 67vw, (max-width: 1362px) 62vw, 840px\" \/><\/a><\/div><div class='content-column one_half last_column'><a href=\"http:\/\/klausundmoniunterwegs.de\/wp-content\/uploads\/2016\/02\/4a-L200-III-8.jpg\" rel=\"attachment wp-att-938\"><img loading=\"lazy\" decoding=\"async\" class=\"alignnone size-large wp-image-938\" src=\"http:\/\/klausundmoniunterwegs.de\/wp-content\/uploads\/2016\/02\/4a-L200-III-8-1024x768.jpg\" alt=\"4a L200 III (8)\" width=\"840\" height=\"630\" srcset=\"https:\/\/klausundmoniunterwegs.de\/wp-content\/uploads\/2016\/02\/4a-L200-III-8-1024x768.jpg 1024w, https:\/\/klausundmoniunterwegs.de\/wp-content\/uploads\/2016\/02\/4a-L200-III-8-300x225.jpg 300w, https:\/\/klausundmoniunterwegs.de\/wp-content\/uploads\/2016\/02\/4a-L200-III-8-768x576.jpg 768w, https:\/\/klausundmoniunterwegs.de\/wp-content\/uploads\/2016\/02\/4a-L200-III-8-1200x900.jpg 1200w, https:\/\/klausundmoniunterwegs.de\/wp-content\/uploads\/2016\/02\/4a-L200-III-8.jpg 1600w\" sizes=\"auto, (max-width: 709px) 85vw, (max-width: 909px) 67vw, (max-width: 1362px) 62vw, 840px\" \/><\/a><\/div><div class='clear_column'><\/div><\/p>\n<p><a href=\"http:\/\/klausundmoniunterwegs.de\/wp-content\/uploads\/2016\/02\/4a-L200-III-7.jpg\" rel=\"attachment wp-att-939\"><img loading=\"lazy\" decoding=\"async\" class=\"alignnone size-large wp-image-939\" src=\"http:\/\/klausundmoniunterwegs.de\/wp-content\/uploads\/2016\/02\/4a-L200-III-7-1024x768.jpg\" alt=\"4a L200 III (7)\" width=\"840\" height=\"630\" srcset=\"https:\/\/klausundmoniunterwegs.de\/wp-content\/uploads\/2016\/02\/4a-L200-III-7-1024x768.jpg 1024w, https:\/\/klausundmoniunterwegs.de\/wp-content\/uploads\/2016\/02\/4a-L200-III-7-300x225.jpg 300w, https:\/\/klausundmoniunterwegs.de\/wp-content\/uploads\/2016\/02\/4a-L200-III-7-768x576.jpg 768w, https:\/\/klausundmoniunterwegs.de\/wp-content\/uploads\/2016\/02\/4a-L200-III-7-1200x900.jpg 1200w, https:\/\/klausundmoniunterwegs.de\/wp-content\/uploads\/2016\/02\/4a-L200-III-7.jpg 1600w\" sizes=\"auto, (max-width: 709px) 85vw, (max-width: 909px) 67vw, (max-width: 1362px) 62vw, 840px\" \/><\/a><\/p>\n<p>Hier probierten wir f\u00fcr ein Wochenendtripp die Variante mit einem Zelt auf der Ladefl\u00e4che aus.<\/p>\n<p><div class='content-column one_half'><a href=\"http:\/\/klausundmoniunterwegs.de\/wp-content\/uploads\/2016\/02\/4b-L200-III-20.jpg\" rel=\"attachment wp-att-937\"><img loading=\"lazy\" decoding=\"async\" class=\"alignnone size-large wp-image-937\" src=\"http:\/\/klausundmoniunterwegs.de\/wp-content\/uploads\/2016\/02\/4b-L200-III-20-1024x768.jpg\" alt=\"4b L200 III (20)\" width=\"840\" height=\"630\" srcset=\"https:\/\/klausundmoniunterwegs.de\/wp-content\/uploads\/2016\/02\/4b-L200-III-20-1024x768.jpg 1024w, https:\/\/klausundmoniunterwegs.de\/wp-content\/uploads\/2016\/02\/4b-L200-III-20-300x225.jpg 300w, https:\/\/klausundmoniunterwegs.de\/wp-content\/uploads\/2016\/02\/4b-L200-III-20-768x576.jpg 768w, https:\/\/klausundmoniunterwegs.de\/wp-content\/uploads\/2016\/02\/4b-L200-III-20-1200x900.jpg 1200w, https:\/\/klausundmoniunterwegs.de\/wp-content\/uploads\/2016\/02\/4b-L200-III-20.jpg 1600w\" sizes=\"auto, (max-width: 709px) 85vw, (max-width: 909px) 67vw, (max-width: 1362px) 62vw, 840px\" \/><\/a><\/div><div class='content-column one_half last_column'><a href=\"http:\/\/klausundmoniunterwegs.de\/wp-content\/uploads\/2016\/02\/4b-L200-III-21.jpg\" rel=\"attachment wp-att-936\"><img loading=\"lazy\" decoding=\"async\" class=\"alignnone size-large wp-image-936\" src=\"http:\/\/klausundmoniunterwegs.de\/wp-content\/uploads\/2016\/02\/4b-L200-III-21-1024x768.jpg\" alt=\"4b L200 III (21)\" width=\"840\" height=\"630\" srcset=\"https:\/\/klausundmoniunterwegs.de\/wp-content\/uploads\/2016\/02\/4b-L200-III-21-1024x768.jpg 1024w, https:\/\/klausundmoniunterwegs.de\/wp-content\/uploads\/2016\/02\/4b-L200-III-21-300x225.jpg 300w, https:\/\/klausundmoniunterwegs.de\/wp-content\/uploads\/2016\/02\/4b-L200-III-21-768x576.jpg 768w, https:\/\/klausundmoniunterwegs.de\/wp-content\/uploads\/2016\/02\/4b-L200-III-21-1200x900.jpg 1200w, https:\/\/klausundmoniunterwegs.de\/wp-content\/uploads\/2016\/02\/4b-L200-III-21.jpg 1600w\" sizes=\"auto, (max-width: 709px) 85vw, (max-width: 909px) 67vw, (max-width: 1362px) 62vw, 840px\" \/><\/a><\/div><div class='clear_column'><\/div><\/p>\n<p>Klaus gef\u00e4llt die Standard Lackierung\u00a0nicht mehr. Ein leichtes grau soll es\u00a0werden. Mit fachlicher Unterst\u00fctzung von Michael, einem guten Freund, wurde die Kabine angeschliffen und\u00a0anschlie\u00dfend\u00a0gerollt.<\/p>\n<p><a href=\"http:\/\/klausundmoniunterwegs.de\/wp-content\/uploads\/2016\/02\/4c-L200-III-Renovierung-Kabin-1.jpg\" rel=\"attachment wp-att-935\"><img loading=\"lazy\" decoding=\"async\" class=\"alignnone size-large wp-image-935\" src=\"http:\/\/klausundmoniunterwegs.de\/wp-content\/uploads\/2016\/02\/4c-L200-III-Renovierung-Kabin-1-1024x768.jpg\" alt=\"4c L200 III Renovierung Kabin (1)\" width=\"840\" height=\"630\" srcset=\"https:\/\/klausundmoniunterwegs.de\/wp-content\/uploads\/2016\/02\/4c-L200-III-Renovierung-Kabin-1-1024x768.jpg 1024w, https:\/\/klausundmoniunterwegs.de\/wp-content\/uploads\/2016\/02\/4c-L200-III-Renovierung-Kabin-1-300x225.jpg 300w, https:\/\/klausundmoniunterwegs.de\/wp-content\/uploads\/2016\/02\/4c-L200-III-Renovierung-Kabin-1-768x576.jpg 768w, https:\/\/klausundmoniunterwegs.de\/wp-content\/uploads\/2016\/02\/4c-L200-III-Renovierung-Kabin-1-1200x900.jpg 1200w, https:\/\/klausundmoniunterwegs.de\/wp-content\/uploads\/2016\/02\/4c-L200-III-Renovierung-Kabin-1.jpg 1600w\" sizes=\"auto, (max-width: 709px) 85vw, (max-width: 909px) 67vw, (max-width: 1362px) 62vw, 840px\" \/><\/a><\/p>\n<p><div class='content-column one_half'><a href=\"http:\/\/klausundmoniunterwegs.de\/wp-content\/uploads\/2016\/02\/4c-L200-III-Renovierung-Kabin-5.jpg\" rel=\"attachment wp-att-931\"><img loading=\"lazy\" decoding=\"async\" class=\"alignnone size-large wp-image-931\" src=\"http:\/\/klausundmoniunterwegs.de\/wp-content\/uploads\/2016\/02\/4c-L200-III-Renovierung-Kabin-5-1024x768.jpg\" alt=\"4c L200 III Renovierung Kabin (5)\" width=\"840\" height=\"630\" srcset=\"https:\/\/klausundmoniunterwegs.de\/wp-content\/uploads\/2016\/02\/4c-L200-III-Renovierung-Kabin-5-1024x768.jpg 1024w, https:\/\/klausundmoniunterwegs.de\/wp-content\/uploads\/2016\/02\/4c-L200-III-Renovierung-Kabin-5-300x225.jpg 300w, https:\/\/klausundmoniunterwegs.de\/wp-content\/uploads\/2016\/02\/4c-L200-III-Renovierung-Kabin-5-768x576.jpg 768w, https:\/\/klausundmoniunterwegs.de\/wp-content\/uploads\/2016\/02\/4c-L200-III-Renovierung-Kabin-5-1200x900.jpg 1200w, https:\/\/klausundmoniunterwegs.de\/wp-content\/uploads\/2016\/02\/4c-L200-III-Renovierung-Kabin-5.jpg 1600w\" sizes=\"auto, (max-width: 709px) 85vw, (max-width: 909px) 67vw, (max-width: 1362px) 62vw, 840px\" \/><\/a><\/div><div class='content-column one_half last_column'><a href=\"http:\/\/klausundmoniunterwegs.de\/wp-content\/uploads\/2016\/02\/4c-L200-III-Renovierung-Kabin-4.jpg\" rel=\"attachment wp-att-932\"><img loading=\"lazy\" decoding=\"async\" class=\"alignnone size-large wp-image-932\" src=\"http:\/\/klausundmoniunterwegs.de\/wp-content\/uploads\/2016\/02\/4c-L200-III-Renovierung-Kabin-4-1024x768.jpg\" alt=\"4c L200 III Renovierung Kabin (4)\" width=\"840\" height=\"630\" srcset=\"https:\/\/klausundmoniunterwegs.de\/wp-content\/uploads\/2016\/02\/4c-L200-III-Renovierung-Kabin-4-1024x768.jpg 1024w, https:\/\/klausundmoniunterwegs.de\/wp-content\/uploads\/2016\/02\/4c-L200-III-Renovierung-Kabin-4-300x225.jpg 300w, https:\/\/klausundmoniunterwegs.de\/wp-content\/uploads\/2016\/02\/4c-L200-III-Renovierung-Kabin-4-768x576.jpg 768w, https:\/\/klausundmoniunterwegs.de\/wp-content\/uploads\/2016\/02\/4c-L200-III-Renovierung-Kabin-4-1200x900.jpg 1200w, https:\/\/klausundmoniunterwegs.de\/wp-content\/uploads\/2016\/02\/4c-L200-III-Renovierung-Kabin-4.jpg 1600w\" sizes=\"auto, (max-width: 709px) 85vw, (max-width: 909px) 67vw, (max-width: 1362px) 62vw, 840px\" \/><\/a><\/div><div class='clear_column'><\/div><\/p>\n<p><div class='content-column one_half'><a href=\"http:\/\/klausundmoniunterwegs.de\/wp-content\/uploads\/2016\/02\/4c-L200-III-Renovierung-Kabin-7.jpg\" rel=\"attachment wp-att-929\"><img loading=\"lazy\" decoding=\"async\" class=\"alignnone size-large wp-image-929\" src=\"http:\/\/klausundmoniunterwegs.de\/wp-content\/uploads\/2016\/02\/4c-L200-III-Renovierung-Kabin-7-1024x768.jpg\" alt=\"4c L200 III Renovierung Kabin (7)\" width=\"840\" height=\"630\" srcset=\"https:\/\/klausundmoniunterwegs.de\/wp-content\/uploads\/2016\/02\/4c-L200-III-Renovierung-Kabin-7-1024x768.jpg 1024w, https:\/\/klausundmoniunterwegs.de\/wp-content\/uploads\/2016\/02\/4c-L200-III-Renovierung-Kabin-7-300x225.jpg 300w, https:\/\/klausundmoniunterwegs.de\/wp-content\/uploads\/2016\/02\/4c-L200-III-Renovierung-Kabin-7-768x576.jpg 768w, https:\/\/klausundmoniunterwegs.de\/wp-content\/uploads\/2016\/02\/4c-L200-III-Renovierung-Kabin-7-1200x900.jpg 1200w, https:\/\/klausundmoniunterwegs.de\/wp-content\/uploads\/2016\/02\/4c-L200-III-Renovierung-Kabin-7.jpg 1600w\" sizes=\"auto, (max-width: 709px) 85vw, (max-width: 909px) 67vw, (max-width: 1362px) 62vw, 840px\" \/><\/a><\/div><div class='content-column one_half last_column'><a href=\"http:\/\/klausundmoniunterwegs.de\/wp-content\/uploads\/2016\/02\/4c-L200-III-Renovierung-Kabin-6.jpg\" rel=\"attachment wp-att-930\"><img loading=\"lazy\" decoding=\"async\" class=\"alignnone size-large wp-image-930\" src=\"http:\/\/klausundmoniunterwegs.de\/wp-content\/uploads\/2016\/02\/4c-L200-III-Renovierung-Kabin-6-1024x768.jpg\" alt=\"4c L200 III Renovierung Kabin (6)\" width=\"840\" height=\"630\" srcset=\"https:\/\/klausundmoniunterwegs.de\/wp-content\/uploads\/2016\/02\/4c-L200-III-Renovierung-Kabin-6-1024x768.jpg 1024w, https:\/\/klausundmoniunterwegs.de\/wp-content\/uploads\/2016\/02\/4c-L200-III-Renovierung-Kabin-6-300x225.jpg 300w, https:\/\/klausundmoniunterwegs.de\/wp-content\/uploads\/2016\/02\/4c-L200-III-Renovierung-Kabin-6-768x576.jpg 768w, https:\/\/klausundmoniunterwegs.de\/wp-content\/uploads\/2016\/02\/4c-L200-III-Renovierung-Kabin-6-1200x900.jpg 1200w, https:\/\/klausundmoniunterwegs.de\/wp-content\/uploads\/2016\/02\/4c-L200-III-Renovierung-Kabin-6.jpg 1600w\" sizes=\"auto, (max-width: 709px) 85vw, (max-width: 909px) 67vw, (max-width: 1362px) 62vw, 840px\" \/><\/a><\/div><div class='clear_column'><\/div><\/p>\n<p><div class='content-column one_half'><a href=\"http:\/\/klausundmoniunterwegs.de\/wp-content\/uploads\/2016\/02\/4c-L200-III-Renovierung-Kabin-8.jpg\" rel=\"attachment wp-att-928\"><img loading=\"lazy\" decoding=\"async\" class=\"alignnone size-large wp-image-928\" src=\"http:\/\/klausundmoniunterwegs.de\/wp-content\/uploads\/2016\/02\/4c-L200-III-Renovierung-Kabin-8-1024x768.jpg\" alt=\"4c L200 III Renovierung Kabin (8)\" width=\"840\" height=\"630\" srcset=\"https:\/\/klausundmoniunterwegs.de\/wp-content\/uploads\/2016\/02\/4c-L200-III-Renovierung-Kabin-8-1024x768.jpg 1024w, https:\/\/klausundmoniunterwegs.de\/wp-content\/uploads\/2016\/02\/4c-L200-III-Renovierung-Kabin-8-300x225.jpg 300w, https:\/\/klausundmoniunterwegs.de\/wp-content\/uploads\/2016\/02\/4c-L200-III-Renovierung-Kabin-8-768x576.jpg 768w, https:\/\/klausundmoniunterwegs.de\/wp-content\/uploads\/2016\/02\/4c-L200-III-Renovierung-Kabin-8-1200x900.jpg 1200w, https:\/\/klausundmoniunterwegs.de\/wp-content\/uploads\/2016\/02\/4c-L200-III-Renovierung-Kabin-8.jpg 1600w\" sizes=\"auto, (max-width: 709px) 85vw, (max-width: 909px) 67vw, (max-width: 1362px) 62vw, 840px\" \/><\/a><\/div><div class='content-column one_half last_column'><a href=\"http:\/\/klausundmoniunterwegs.de\/wp-content\/uploads\/2016\/02\/4d-L200-III-1.jpg\" rel=\"attachment wp-att-927\"><img loading=\"lazy\" decoding=\"async\" class=\"alignnone size-large wp-image-927\" src=\"http:\/\/klausundmoniunterwegs.de\/wp-content\/uploads\/2016\/02\/4d-L200-III-1-1024x768.jpg\" alt=\"4d L200 III (1)\" width=\"840\" height=\"630\" srcset=\"https:\/\/klausundmoniunterwegs.de\/wp-content\/uploads\/2016\/02\/4d-L200-III-1-1024x768.jpg 1024w, https:\/\/klausundmoniunterwegs.de\/wp-content\/uploads\/2016\/02\/4d-L200-III-1-300x225.jpg 300w, https:\/\/klausundmoniunterwegs.de\/wp-content\/uploads\/2016\/02\/4d-L200-III-1-768x576.jpg 768w, https:\/\/klausundmoniunterwegs.de\/wp-content\/uploads\/2016\/02\/4d-L200-III-1-1200x900.jpg 1200w, https:\/\/klausundmoniunterwegs.de\/wp-content\/uploads\/2016\/02\/4d-L200-III-1.jpg 1600w\" sizes=\"auto, (max-width: 709px) 85vw, (max-width: 909px) 67vw, (max-width: 1362px) 62vw, 840px\" \/><\/a><\/div><div class='clear_column'><\/div><\/p>\n<p><a href=\"http:\/\/klausundmoniunterwegs.de\/wp-content\/uploads\/2016\/02\/4d-L200-III-2.jpg\" rel=\"attachment wp-att-926\"><img loading=\"lazy\" decoding=\"async\" class=\"alignnone size-large wp-image-926\" src=\"http:\/\/klausundmoniunterwegs.de\/wp-content\/uploads\/2016\/02\/4d-L200-III-2-1024x768.jpg\" alt=\"4d L200 III (2)\" width=\"840\" height=\"630\" srcset=\"https:\/\/klausundmoniunterwegs.de\/wp-content\/uploads\/2016\/02\/4d-L200-III-2-1024x768.jpg 1024w, https:\/\/klausundmoniunterwegs.de\/wp-content\/uploads\/2016\/02\/4d-L200-III-2-300x225.jpg 300w, https:\/\/klausundmoniunterwegs.de\/wp-content\/uploads\/2016\/02\/4d-L200-III-2-768x576.jpg 768w, https:\/\/klausundmoniunterwegs.de\/wp-content\/uploads\/2016\/02\/4d-L200-III-2-1200x900.jpg 1200w, https:\/\/klausundmoniunterwegs.de\/wp-content\/uploads\/2016\/02\/4d-L200-III-2.jpg 1600w\" sizes=\"auto, (max-width: 709px) 85vw, (max-width: 909px) 67vw, (max-width: 1362px) 62vw, 840px\" \/><\/a><\/p>\n<p><a href=\"http:\/\/klausundmoniunterwegs.de\/wp-content\/uploads\/2016\/02\/4d-L200-III-3.jpg\" rel=\"attachment wp-att-925\"><img loading=\"lazy\" decoding=\"async\" class=\"alignnone size-large wp-image-925\" src=\"http:\/\/klausundmoniunterwegs.de\/wp-content\/uploads\/2016\/02\/4d-L200-III-3-1024x765.jpg\" alt=\"4d L200 III (3)\" width=\"840\" height=\"628\" srcset=\"https:\/\/klausundmoniunterwegs.de\/wp-content\/uploads\/2016\/02\/4d-L200-III-3-1024x765.jpg 1024w, https:\/\/klausundmoniunterwegs.de\/wp-content\/uploads\/2016\/02\/4d-L200-III-3-300x224.jpg 300w, https:\/\/klausundmoniunterwegs.de\/wp-content\/uploads\/2016\/02\/4d-L200-III-3-768x573.jpg 768w, https:\/\/klausundmoniunterwegs.de\/wp-content\/uploads\/2016\/02\/4d-L200-III-3-1200x896.jpg 1200w, https:\/\/klausundmoniunterwegs.de\/wp-content\/uploads\/2016\/02\/4d-L200-III-3.jpg 1607w\" sizes=\"auto, (max-width: 709px) 85vw, (max-width: 909px) 67vw, (max-width: 1362px) 62vw, 840px\" \/><\/a><\/p>\n<p><a href=\"http:\/\/klausundmoniunterwegs.de\/wp-content\/uploads\/2016\/02\/4d-L200-III-4.jpg\" rel=\"attachment wp-att-924\"><img loading=\"lazy\" decoding=\"async\" class=\"alignnone size-large wp-image-924\" src=\"http:\/\/klausundmoniunterwegs.de\/wp-content\/uploads\/2016\/02\/4d-L200-III-4-1024x765.jpg\" alt=\"4d L200 III (4)\" width=\"840\" height=\"628\" srcset=\"https:\/\/klausundmoniunterwegs.de\/wp-content\/uploads\/2016\/02\/4d-L200-III-4-1024x765.jpg 1024w, https:\/\/klausundmoniunterwegs.de\/wp-content\/uploads\/2016\/02\/4d-L200-III-4-300x224.jpg 300w, https:\/\/klausundmoniunterwegs.de\/wp-content\/uploads\/2016\/02\/4d-L200-III-4-768x573.jpg 768w, https:\/\/klausundmoniunterwegs.de\/wp-content\/uploads\/2016\/02\/4d-L200-III-4-1200x896.jpg 1200w, https:\/\/klausundmoniunterwegs.de\/wp-content\/uploads\/2016\/02\/4d-L200-III-4.jpg 1607w\" sizes=\"auto, (max-width: 709px) 85vw, (max-width: 909px) 67vw, (max-width: 1362px) 62vw, 840px\" \/><\/a><\/p>\n<p><a href=\"http:\/\/klausundmoniunterwegs.de\/wp-content\/uploads\/2016\/02\/4e-L200-III-Rahmenbruch-1.jpg\" rel=\"attachment wp-att-923\"><img loading=\"lazy\" decoding=\"async\" class=\"alignnone size-large wp-image-923\" src=\"http:\/\/klausundmoniunterwegs.de\/wp-content\/uploads\/2016\/02\/4e-L200-III-Rahmenbruch-1-1024x765.jpg\" alt=\"4e L200 III Rahmenbruch (1)\" width=\"840\" height=\"628\" srcset=\"https:\/\/klausundmoniunterwegs.de\/wp-content\/uploads\/2016\/02\/4e-L200-III-Rahmenbruch-1-1024x765.jpg 1024w, https:\/\/klausundmoniunterwegs.de\/wp-content\/uploads\/2016\/02\/4e-L200-III-Rahmenbruch-1-300x224.jpg 300w, https:\/\/klausundmoniunterwegs.de\/wp-content\/uploads\/2016\/02\/4e-L200-III-Rahmenbruch-1-768x573.jpg 768w, https:\/\/klausundmoniunterwegs.de\/wp-content\/uploads\/2016\/02\/4e-L200-III-Rahmenbruch-1-1200x896.jpg 1200w, https:\/\/klausundmoniunterwegs.de\/wp-content\/uploads\/2016\/02\/4e-L200-III-Rahmenbruch-1.jpg 1607w\" sizes=\"auto, (max-width: 709px) 85vw, (max-width: 909px) 67vw, (max-width: 1362px) 62vw, 840px\" \/><\/a><\/p>\n<p><a href=\"http:\/\/klausundmoniunterwegs.de\/wp-content\/uploads\/2016\/02\/4e-L200-III-Rahmenbruch-3.jpg\" rel=\"attachment wp-att-922\"><img loading=\"lazy\" decoding=\"async\" class=\"alignnone size-large wp-image-922\" src=\"http:\/\/klausundmoniunterwegs.de\/wp-content\/uploads\/2016\/02\/4e-L200-III-Rahmenbruch-3-1024x765.jpg\" alt=\"4e L200 III Rahmenbruch (3)\" width=\"840\" height=\"628\" srcset=\"https:\/\/klausundmoniunterwegs.de\/wp-content\/uploads\/2016\/02\/4e-L200-III-Rahmenbruch-3-1024x765.jpg 1024w, https:\/\/klausundmoniunterwegs.de\/wp-content\/uploads\/2016\/02\/4e-L200-III-Rahmenbruch-3-300x224.jpg 300w, https:\/\/klausundmoniunterwegs.de\/wp-content\/uploads\/2016\/02\/4e-L200-III-Rahmenbruch-3-768x573.jpg 768w, https:\/\/klausundmoniunterwegs.de\/wp-content\/uploads\/2016\/02\/4e-L200-III-Rahmenbruch-3-1200x896.jpg 1200w, https:\/\/klausundmoniunterwegs.de\/wp-content\/uploads\/2016\/02\/4e-L200-III-Rahmenbruch-3.jpg 1607w\" sizes=\"auto, (max-width: 709px) 85vw, (max-width: 909px) 67vw, (max-width: 1362px) 62vw, 840px\" \/><\/a><\/p>\n<p><a href=\"http:\/\/klausundmoniunterwegs.de\/wp-content\/uploads\/2016\/02\/4e-L200-III-Rahmenbruch-4.jpg\" rel=\"attachment wp-att-921\"><img loading=\"lazy\" decoding=\"async\" class=\"alignnone size-large wp-image-921\" src=\"http:\/\/klausundmoniunterwegs.de\/wp-content\/uploads\/2016\/02\/4e-L200-III-Rahmenbruch-4-1024x765.jpg\" alt=\"4e L200 III Rahmenbruch (4)\" width=\"840\" height=\"628\" srcset=\"https:\/\/klausundmoniunterwegs.de\/wp-content\/uploads\/2016\/02\/4e-L200-III-Rahmenbruch-4-1024x765.jpg 1024w, https:\/\/klausundmoniunterwegs.de\/wp-content\/uploads\/2016\/02\/4e-L200-III-Rahmenbruch-4-300x224.jpg 300w, https:\/\/klausundmoniunterwegs.de\/wp-content\/uploads\/2016\/02\/4e-L200-III-Rahmenbruch-4-768x573.jpg 768w, https:\/\/klausundmoniunterwegs.de\/wp-content\/uploads\/2016\/02\/4e-L200-III-Rahmenbruch-4-1200x896.jpg 1200w, https:\/\/klausundmoniunterwegs.de\/wp-content\/uploads\/2016\/02\/4e-L200-III-Rahmenbruch-4.jpg 1607w\" sizes=\"auto, (max-width: 709px) 85vw, (max-width: 909px) 67vw, (max-width: 1362px) 62vw, 840px\" \/><\/a><\/p>\n<p>&nbsp;<\/p>\n","protected":false},"excerpt":{"rendered":"<p>Von Januar 2000 bis M\u00e4rz 2015 Turbo Diesel ; Leitung\u00a099 PS ; Hubraum 2,5 Liter ; Zul. Ges. Gewicht 2830 kg Hier probierten wir f\u00fcr ein Wochenendtripp die Variante mit einem Zelt auf der Ladefl\u00e4che aus. Klaus gef\u00e4llt die Standard Lackierung\u00a0nicht mehr. Ein leichtes grau soll es\u00a0werden. Mit fachlicher Unterst\u00fctzung von Michael, einem guten Freund, &hellip; <a href=\"https:\/\/klausundmoniunterwegs.de\/?page_id=988\" class=\"more-link\"><span class=\"screen-reader-text\">&#8222;Mitsubishi L200 American Dream&#8220; <\/span>weiterlesen<\/a><\/p>\n","protected":false},"author":2,"featured_media":0,"parent":0,"menu_order":0,"comment_status":"closed","ping_status":"closed","template":"","meta":{"footnotes":""},"class_list":["post-988","page","type-page","status-publish","hentry"],"_links":{"self":[{"href":"https:\/\/klausundmoniunterwegs.de\/index.php?rest_route=\/wp\/v2\/pages\/988","targetHints":{"allow":["GET"]}}],"collection":[{"href":"https:\/\/klausundmoniunterwegs.de\/index.php?rest_route=\/wp\/v2\/pages"}],"about":[{"href":"https:\/\/klausundmoniunterwegs.de\/index.php?rest_route=\/wp\/v2\/types\/page"}],"author":[{"embeddable":true,"href":"https:\/\/klausundmoniunterwegs.de\/index.php?rest_route=\/wp\/v2\/users\/2"}],"replies":[{"embeddable":true,"href":"https:\/\/klausundmoniunterwegs.de\/index.php?rest_route=%2Fwp%2Fv2%2Fcomments&post=988"}],"version-history":[{"count":7,"href":"https:\/\/klausundmoniunterwegs.de\/index.php?rest_route=\/wp\/v2\/pages\/988\/revisions"}],"predecessor-version":[{"id":1020,"href":"https:\/\/klausundmoniunterwegs.de\/index.php?rest_route=\/wp\/v2\/pages\/988\/revisions\/1020"}],"wp:attachment":[{"href":"https:\/\/klausundmoniunterwegs.de\/index.php?rest_route=%2Fwp%2Fv2%2Fmedia&parent=988"}],"curies":[{"name":"wp","href":"https:\/\/api.w.org\/{rel}","templated":true}]}}